{"id":347,"date":"2024-08-23T08:28:15","date_gmt":"2024-08-23T06:28:15","guid":{"rendered":"https:\/\/jifeline.com\/?page_id=347"},"modified":"2025-02-03T13:39:43","modified_gmt":"2025-02-03T12:39:43","slug":"datenschutz","status":"publish","type":"page","link":"https:\/\/jifeline.com\/de\/privacy\/","title":{"rendered":"Datenschutzbestimmungen"},"content":{"rendered":"<div data-elementor-type=\"wp-page\" data-elementor-id=\"347\" class=\"elementor elementor-347\" data-elementor-post-type=\"page\">\n\t\t\t\t<div class=\"elementor-element elementor-element-923ca33 e-flex e-con-boxed e-con e-parent\" data-id=\"923ca33\" data-element_type=\"container\" data-e-type=\"container\" data-settings=\"{&quot;background_background&quot;:&quot;video&quot;}\">\n\t\t\t\t\t<div class=\"e-con-inner\">\n\t\t<div class=\"elementor-element elementor-element-7a5efae e-con-full e-flex e-con e-child\" data-id=\"7a5efae\" data-element_type=\"container\" data-e-type=\"container\">\n\t\t\t\t<div class=\"elementor-element elementor-element-2de6c1e elementor-align-left elementor-widget elementor-widget-button\" data-id=\"2de6c1e\" data-element_type=\"widget\" data-e-type=\"widget\" data-widget_type=\"button.default\">\n\t\t\t\t<div class=\"elementor-widget-container\">\n\t\t\t\t\t\t\t\t\t<div class=\"elementor-button-wrapper\">\n\t\t\t\t\t<a class=\"elementor-button elementor-button-link elementor-size-sm\" href=\"\/de\/\">\n\t\t\t\t\t\t<span class=\"elementor-button-content-wrapper\">\n\t\t\t\t\t\t<span class=\"elementor-button-icon\">\n\t\t\t\t<svg aria-hidden=\"true\" class=\"e-font-icon-svg e-far-arrow-alt-circle-left\" viewbox=\"0 0 512 512\" xmlns=\"http:\/\/www.w3.org\/2000\/svg\"><path d=\"M8 256c0 137 111 248 248 248s248-111 248-248S393 8 256 8 8 119 8 256zm448 0c0 110.5-89.5 200-200 200S56 366.5 56 256 145.5 56 256 56s200 89.5 200 200zm-72-20v40c0 6.6-5.4 12-12 12H256v67c0 10.7-12.9 16-20.5 8.5l-99-99c-4.7-4.7-4.7-12.3 0-17l99-99c7.6-7.6 20.5-2.2 20.5 8.5v67h116c6.6 0 12 5.4 12 12z\"><\/path><\/svg>\t\t\t<\/span>\n\t\t\t\t\t\t\t\t\t<span class=\"elementor-button-text\">Homepage<\/span>\n\t\t\t\t\t<\/span>\n\t\t\t\t\t<\/a>\n\t\t\t\t<\/div>\n\t\t\t\t\t\t\t\t<\/div>\n\t\t\t\t<\/div>\n\t\t\t\t<div class=\"elementor-element elementor-element-faafb50 elementor-widget elementor-widget-heading\" data-id=\"faafb50\" data-element_type=\"widget\" data-e-type=\"widget\" data-widget_type=\"heading.default\">\n\t\t\t\t<div class=\"elementor-widget-container\">\n\t\t\t\t\t<h1 class=\"elementor-heading-title elementor-size-default\">Datenschutzbestimmungen<\/h1>\t\t\t\t<\/div>\n\t\t\t\t<\/div>\n\t\t\t\t<div class=\"elementor-element elementor-element-cc29486 elementor-widget elementor-widget-text-editor\" data-id=\"cc29486\" data-element_type=\"widget\" data-e-type=\"widget\" data-widget_type=\"text-editor.default\">\n\t\t\t\t<div class=\"elementor-widget-container\">\n\t\t\t\t\t\t\t\t\t<p>Vielen Dank f\u00fcr die Nutzung der Jifeline-Infrastruktur durch uns oder unsere Partner oder den Besuch unserer Website(s). Diese Richtlinie erkl\u00e4rt das Was, Wie und Warum der Informationen, die wir sammeln, wenn Sie unsere Website besuchen oder wenn Sie unsere Dienste oder die Dienste unserer Partner nutzen. Au\u00dferdem wird erl\u00e4utert, auf welche Weise wir diese Informationen nutzen und weitergeben. Wir nehmen Ihre Privatsph\u00e4re sehr ernst und verkaufen niemals Listen oder E-Mail-Adressen oder andere Arten von Informationen.<\/p>\n<p><strong>DEFINITIONEN<\/strong><br \/>\nDiese Definitionen sollen Ihnen helfen, diese Richtlinie zu verstehen. Wenn wir \"wir\", \"uns\", \"unser\" und \"Jifeline\" sagen, beziehen wir uns auf Jifeline Networks BV, unser Unternehmen mit Sitz in den Niederlanden.<\/p>\n<p>Wir stellen eine Infrastruktur bereit, die Sie nutzen k\u00f6nnen, um Ihr Fahrzeug codieren\/programmieren zu lassen (die \"Dienstleistungen\"). Dies kann durch uns, aber auch durch einen von uns bestimmten Partner erfolgen.<\/p>\n<p>Wenn wir von \"designierten Partnern\" sprechen, beziehen wir uns auf unsere Partner, die unsere Infrastruktur nutzen, um ihre Mitglieder \u00fcber ihr eigenes Servicecenter zu betreuen.<\/p>\n<p>Wenn wir von \"Mitglied\" sprechen, beziehen wir uns auf die nat\u00fcrliche oder juristische Person, die bei uns oder bei einem unserer Partner zur Nutzung unserer Dienste registriert ist. Wenn wir \"Sie\" sagen, beziehen wir uns entweder auf ein Mitglied oder auf eine andere Person, die eine unserer Websites besucht.<\/p>\n<p>\"Pers\u00f6nliche Daten\" sind Informationen, die dazu verwendet werden k\u00f6nnen, Sie oder einen Abonnenten zu identifizieren, einschlie\u00dflich, aber nicht beschr\u00e4nkt auf Vor- und Nachname, Geburtsdatum, E-Mail-Adresse, Geschlecht, Beruf oder andere demographische Informationen.<\/p>\n<p>Wir bieten die Dienste zumindest auf unserer Website und \u00fcber die Jifeline Google Apps an. Diese Datenschutzrichtlinie gilt f\u00fcr diese spezifischen Websites sowie f\u00fcr alle anderen Websites, die uns geh\u00f6ren oder von uns betrieben werden.<\/p>\n<p>Die \"Websites\" umfassen die Websites selbst sowie alle Webseiten, interaktiven Funktionen, Anwendungen, Widgets, Blogs, sozialen Netzwerke, \"Tabs\" f\u00fcr soziale Netzwerke oder andere Online-, mobile oder drahtlose Angebote, die einen Link zu dieser Datenschutzrichtlinie enthalten, unabh\u00e4ngig davon, ob der Zugriff \u00fcber einen Computer, ein mobiles Ger\u00e4t oder eine andere Technologie, Art und Weise oder Mittel erfolgt. Bei der Bereitstellung der Dienste und wie unten n\u00e4her beschrieben, k\u00f6nnen wir pers\u00f6nliche Daten \u00fcber einen Website-Besucher, ein Mitglied, eine Person oder eine E-Mail-Adresse erfassen.<\/p>\n<p>Die \"Google Apps\" umfassen alle von Jifeline erstellten, aber f\u00fcr unsere Partner gebrandeten Apps.<\/p>\n<p><b>\u00c4NDERUNGEN<\/b><br \/>\nWir k\u00f6nnen diese Datenschutzrichtlinie jederzeit und von Zeit zu Zeit \u00e4ndern. Die aktuellste Version der Datenschutzrichtlinie ist durch das Versionsdatum am Ende dieser Datenschutzrichtlinie gekennzeichnet. Alle Aktualisierungen und \u00c4nderungen treten unmittelbar nach ihrer Bekanntgabe in Kraft, die wir auf beliebige Weise vornehmen k\u00f6nnen, einschlie\u00dflich, aber nicht beschr\u00e4nkt auf die Ver\u00f6ffentlichung einer \u00fcberarbeiteten Version dieser Datenschutzrichtlinie oder einer anderen Mitteilung auf der Website. Wir empfehlen Ihnen, diese Datenschutzrichtlinie h\u00e4ufig zu lesen, um \u00fcber \u00c4nderungen, die Sie betreffen k\u00f6nnten, informiert zu bleiben, da Ihre fortgesetzte Nutzung der Website Ihr fortgesetztes Einverst\u00e4ndnis bedeutet, an diese Datenschutzrichtlinie gebunden zu sein. Unsere elektronisch oder anderweitig ordnungsgem\u00e4\u00df gespeicherten Kopien dieser Datenschutzrichtlinie gelten jeweils als wahrheitsgem\u00e4\u00dfe, vollst\u00e4ndige, g\u00fcltige, authentische und durchsetzbare Kopie der Version dieser Datenschutzrichtlinie, die an dem jeweiligen Datum Ihres Besuchs der Website in Kraft war.<\/p>\n<p><b>SCOPE<\/b><br \/>\nDiese Datenschutzrichtlinie gilt f\u00fcr alle Daten, die wir \u00fcber Sie und\/oder von Ihnen gesammelt haben oder sammeln.<\/p>\n<p><b>INFORMATIONEN, DIE WIR SAMMELN<\/b><\/p>\n<ol>\n<li>Informationen, die Sie uns freiwillig zur Verf\u00fcgung stellen: Wenn Sie sich f\u00fcr die Dienste anmelden und diese nutzen, sich mit unserem Kundendienst in Verbindung setzen, uns eine E-Mail senden, einen Beitrag in unserem Blog verfassen, die Dienste in eine andere Website oder einen anderen Dienst integrieren oder in irgendeiner Weise mit uns kommunizieren, stellen Sie uns freiwillig Informationen zur Verf\u00fcgung, die wir erfassen. Diese Informationen k\u00f6nnen entweder Ihren Namen, Ihre Anschrift, Ihre E-Mail-Adresse, Ihre IP-Adresse, Ihre Telefonnummer sowie Details wie Beruf, Standort, Kaufhistorie und andere demografische Informationen umfassen. Indem Sie uns diese Informationen zur Verf\u00fcgung stellen, erkl\u00e4ren Sie sich damit einverstanden, dass diese Informationen von uns gesammelt, verwendet, offengelegt und gespeichert werden, wie in unseren Allgemeinen Gesch\u00e4ftsbedingungen und in dieser Datenschutzerkl\u00e4rung beschrieben.<\/li>\n<li>Automatisch erfasste Informationen: Wenn Sie die Dienste nutzen oder auf einer unserer Websites surfen, k\u00f6nnen wir Informationen \u00fcber Ihren Besuch auf unseren Websites, Ihre Nutzung der Dienste und Ihr Web-Browsing erfassen. Diese Informationen k\u00f6nnen Ihre IP-Adresse, Ihr Betriebssystem, Ihre Browser-ID, Ihre Browsing-Aktivit\u00e4ten und andere Informationen dar\u00fcber, wie Sie mit unseren Websites oder anderen Websites interagiert haben, umfassen. Wir k\u00f6nnen diese Informationen als Teil von Protokolldateien sowie durch die Verwendung von Cookies oder anderen Tracking-Technologien sammeln.<\/li>\n<li>Informationen aus Ihrer Nutzung des Dienstes: Wir k\u00f6nnen Informationen dar\u00fcber erhalten, wie und wann Sie die Dienste nutzen, diese in Protokolldateien oder anderen Dateitypen speichern, die mit Ihrem Konto verbunden sind, und sie mit anderen Informationen verkn\u00fcpfen, die wir \u00fcber Sie sammeln. Diese Informationen k\u00f6nnen beispielsweise Ihre IP-Adresse, die Uhrzeit, das Datum, den verwendeten Browser und die Aktionen, die Sie innerhalb der Anwendung durchgef\u00fchrt haben, umfassen. Diese Art von Informationen hilft uns, unsere Dienste sowohl f\u00fcr Sie als auch f\u00fcr alle unsere Nutzer zu verbessern.<br \/>\nCookies und Tracking: Wir verwenden Cookies oder \u00e4hnliche Technologien, um Trends zu analysieren, die Website zu verwalten, die Bewegungen der Nutzer auf der Website zu verfolgen und demografische Informationen \u00fcber unsere Nutzerbasis als Ganzes zu sammeln.<\/li>\n<li>Web-Beacons: Wir verwenden Web-Beacons auf unseren Websites und in unseren E-Mails. Wenn wir E-Mails an Mitglieder senden, k\u00f6nnen wir das Verhalten verfolgen, z. B. wer die E-Mails ge\u00f6ffnet und wer auf die Links geklickt hat. Dies erm\u00f6glicht uns, die Leistung unserer E-Mail-Kampagnen zu messen und unsere Funktionen f\u00fcr bestimmte Mitgliedergruppen zu verbessern. Zu diesem Zweck verwenden wir in den von uns gesendeten E-Mails Einzelpixel-Gifs, auch Web-Beacons genannt. Mithilfe von Web Beacons k\u00f6nnen wir Informationen dar\u00fcber sammeln, wann Sie die E-Mail \u00f6ffnen, Ihre IP-Adresse, Ihren Browser- oder E-Mail-Client-Typ und andere \u00e4hnliche Details.<\/li>\n<li>Informationen aus der Nutzung unserer mobilen Apps: Wenn Sie unsere mobilen Apps verwenden, k\u00f6nnen wir bestimmte Informationen zus\u00e4tzlich zu den an anderer Stelle in dieser Richtlinie beschriebenen Informationen erfassen. Zum Beispiel k\u00f6nnen wir Informationen \u00fcber die Art des Ger\u00e4ts und des Betriebssystems, das Sie verwenden, sowie \u00fcber Ihren Standort erfassen und die Audio- und Kamerafunktion nutzen. Wir k\u00f6nnen Sie fragen, ob Sie Push-Benachrichtigungen \u00fcber Aktivit\u00e4ten in Ihrem Konto erhalten m\u00f6chten. Wenn Sie sich f\u00fcr diese Benachrichtigungen entschieden haben und sie nicht mehr erhalten m\u00f6chten, k\u00f6nnen Sie sie \u00fcber Ihr Betriebssystem deaktivieren. Wir greifen nicht auf standortbezogene Informationen von Ihrem Mobilger\u00e4t zu und verfolgen diese nicht, es sei denn, Sie haben uns die Erlaubnis dazu gegeben. Wir k\u00f6nnen mobile Analysesoftware verwenden, um besser zu verstehen, wie die Nutzer unsere Anwendung verwenden. Wir k\u00f6nnen Informationen dar\u00fcber sammeln, wie oft Sie die Anwendung nutzen und andere Leistungsdaten.<\/li>\n<\/ol>\n<p>VERWENDUNG UND WEITERGABE VON PERS\u00d6NLICHEN INFORMATIONEN<\/p>\n<p>Wir d\u00fcrfen pers\u00f6nliche Daten nur f\u00fcr die folgenden Zwecke verwenden und weitergeben:<\/p>\n<ol>\n<li>Um Ihnen die Nutzung unserer Dienste schmackhaft zu machen. Wenn Sie zum Beispiel beim Besuch unserer Website Ihre pers\u00f6nlichen Daten hinterlassen und sich nicht f\u00fcr einen der Dienste anmelden, k\u00f6nnen wir Ihnen eine E-Mail mit der Aufforderung zur Anmeldung schicken. Wenn Sie einen unserer Dienste nutzen und wir der Meinung sind, dass Sie von der Nutzung eines anderen von uns angebotenen Dienstes profitieren k\u00f6nnten, senden wir Ihnen m\u00f6glicherweise eine E-Mail zu diesem Thema. Sie k\u00f6nnen den Erhalt unserer Werbe-E-Mails beenden, indem Sie die in jeder von uns gesendeten E-Mail enthaltenen Anweisungen zum Abbestellen befolgen. Dar\u00fcber hinaus k\u00f6nnen wir die von uns gesammelten Informationen verwenden, um Ihnen unsere Dienste anzupreisen oder Ihnen zus\u00e4tzliche Funktionen unserer Dienste vorzuschlagen, die Sie m\u00f6glicherweise nutzen m\u00f6chten<\/li>\n<li>Um Ihnen Informations- und Werbeinhalte zu senden, die Sie erhalten m\u00f6chten. Sie k\u00f6nnen den Erhalt unserer Werbe-E-Mails beenden, indem Sie die in jeder E-Mail enthaltenen Anweisungen zum Abbestellen befolgen.<\/li>\n<li>Um Rechnungen zu stellen und Geld einzutreiben, das uns unsere Mitglieder schulden. Dazu geh\u00f6rt das Versenden von E-Mails, Rechnungen, Quittungen und Benachrichtigungen \u00fcber Zahlungsr\u00fcckst\u00e4nde.<\/li>\n<li>Um Ihnen Systemwarnungen zu senden. Beispielsweise k\u00f6nnen wir Sie \u00fcber vor\u00fcbergehende oder dauerhafte \u00c4nderungen an unseren Diensten informieren, wie z. B. geplante Ausf\u00e4lle, neue Funktionen, Versionsaktualisierungen, Freigaben, Missbrauchswarnungen und \u00c4nderungen an unserer Datenschutzrichtlinie.<\/li>\n<li>Um mit unseren Mitgliedern \u00fcber ihr Konto zu kommunizieren und Kundenbetreuung zu leisten.<\/li>\n<li>Um die Einhaltung unserer Nutzungsbedingungen und des geltenden Rechts durchzusetzen. Dies kann die Entwicklung von Tools und Algorithmen beinhalten, die uns helfen, Verst\u00f6\u00dfe zu verhindern.<\/li>\n<li>Zum Schutz der Rechte und der Sicherheit unserer Mitglieder und Dritter sowie zum Schutz unserer eigenen Rechte.<\/li>\n<li>Erf\u00fcllung rechtlicher Anforderungen<\/li>\n<li>Zur Weitergabe von Informationen an Vertreter und Berater, einschlie\u00dflich Anw\u00e4lten und Buchhaltern, um uns bei der Einhaltung von rechtlichen, buchhalterischen oder sicherheitsrelevanten Anforderungen zu unterst\u00fctzen.<\/li>\n<li>Zur Verfolgung und Verteidigung eines Gerichts-, Schiedsgerichts- oder \u00e4hnlichen Verfahrens.<\/li>\n<li>Zur Beantwortung rechtm\u00e4\u00dfiger Anfragen von Beh\u00f6rden, einschlie\u00dflich zur Erf\u00fcllung von Anforderungen der nationalen Sicherheit oder der Strafverfolgung.<\/li>\n<li>Zur Bereitstellung, Unterst\u00fctzung und Verbesserung der von uns angebotenen Dienste.<\/li>\n<li>Dazu geh\u00f6rt zum Beispiel das Sammeln von Informationen \u00fcber Ihre Nutzung der Dienste oder Ihren Besuch auf unseren Websites und die Weitergabe dieser Informationen an Dritte, um unsere Dienste zu verbessern. Wenn wir personenbezogene Daten an Dritte weitergeben m\u00fcssen, ergreifen wir Ma\u00dfnahmen zum Schutz Ihrer Daten, indem wir von diesen Dritten verlangen, einen Vertrag mit uns abzuschlie\u00dfen, der sie dazu verpflichtet, die von uns an sie weitergegebenen personenbezogenen Daten auf eine Weise zu verwenden, die mit dieser Richtlinie vereinbar ist.<\/li>\n<\/ol>\n<p>\u00d6FFENTLICHE INFORMATIONEN UND WEBSITES VON DRITTEN<\/p>\n<p><em>Blog<\/em><br \/>\nWir haben \u00f6ffentliche Blogs auf unseren Websites. Alle Informationen, die Sie in einem Kommentar in unserem Blog angeben, k\u00f6nnen von jedermann gelesen, gesammelt und verwendet werden. Wenn Ihre pers\u00f6nlichen Daten in unseren Blogs erscheinen und Sie m\u00f6chten, dass sie entfernt werden, kontaktieren Sie uns hier. Sollten wir nicht in der Lage sein, Ihre Daten zu entfernen, werden wir Ihnen mitteilen, warum.<\/p>\n<p><em>Plattformen und Widgets f\u00fcr soziale Medien<\/em><br \/>\nUnsere Websites enthalten Funktionen f\u00fcr soziale Medien, wie z. B. die Facebook-Like-Schaltfl\u00e4che. Diese Funktionen k\u00f6nnen Informationen \u00fcber Ihre IP-Adresse und die Seite, die Sie auf unserer Website besuchen, sammeln und ein Cookie setzen, um sicherzustellen, dass die Funktion ordnungsgem\u00e4\u00df funktioniert. Die Funktionen und Widgets der sozialen Medien werden entweder von einem Dritten gehostet oder direkt auf unserer Website gehostet. Wir unterhalten auch Pr\u00e4senzen auf Social-Media-Plattformen wie Facebook, LinkedIn, Twitter und Instagram. Alle Informationen, Mitteilungen oder Materialien, die Sie uns \u00fcber eine Social-Media-Plattform \u00fcbermitteln, erfolgen auf Ihr eigenes Risiko und ohne Anspruch auf Datenschutz. Wir haben keinen Einfluss auf die Handlungen anderer Nutzer dieser Plattformen oder auf die Handlungen der Plattformen selbst. Ihre Interaktion mit diesen Funktionen und Plattformen unterliegt den Datenschutzrichtlinien der Unternehmen, die sie anbieten.<\/p>\n<p><em>Links zu Websites Dritter<\/em><\/p>\n<p>Unsere Websites enthalten Links zu anderen Websites, deren Datenschutzpraktiken sich von denen von Jifeline unterscheiden k\u00f6nnen. Wenn Sie pers\u00f6nliche Daten an eine dieser Websites \u00fcbermitteln, unterliegen Ihre Daten den dortigen Datenschutzrichtlinien. Wir empfehlen Ihnen, die Datenschutzrichtlinien jeder Website, die Sie besuchen, sorgf\u00e4ltig zu lesen.<\/p>\n<p>SICHERHEIT<br \/>\nWir nehmen die Sicherheit auf unseren Websites sehr ernst. Gegebenenfalls ergreifen wir Sicherheitsma\u00dfnahmen, einschlie\u00dflich der Verwendung von SSL-Technologie, in unseren Back-End-Systemen, in denen Informationen \u00fcber Kundenkonten gespeichert werden, und zum Schutz von Daten\u00fcbertragungen. Dies ist jedoch keine Garantie daf\u00fcr, dass solche Daten\u00fcbertragungen nicht aufgrund von Ausf\u00e4llen der Firewall oder anderer Sicherheitssoftware eingesehen, ver\u00e4ndert oder gel\u00f6scht werden k\u00f6nnen. Wenn Sie weitere Bedenken bez\u00fcglich der Sicherheit haben, senden Sie uns bitte eine E-Mail an commercial@jifeline.com.<\/p>\n<p>GENAUIGKEIT DER DATEN, TRANSPARENZ<br \/>\nWir tun unser Bestes, um Ihre Daten korrekt und aktuell zu halten, soweit Sie uns die daf\u00fcr erforderlichen Informationen zur Verf\u00fcgung stellen. Wenn sich Ihre Daten \u00e4ndern (z. B. wenn Sie eine neue E-Mail-Adresse haben), dann sind Sie daf\u00fcr verantwortlich, uns diese \u00c4nderungen mitzuteilen. Auf Anfrage teilen wir Ihnen mit, ob wir Ihre pers\u00f6nlichen Daten besitzen oder im Auftrag Dritter verarbeiten.<\/p>\n<p>Wir werden Ihre Daten so lange aufbewahren, wie Ihr Konto aktiv ist oder wie es erforderlich ist, um Ihnen unsere Dienste zur Verf\u00fcgung zu stellen. Wir k\u00f6nnen Ihre Daten auch aufbewahren und verwenden, um unseren rechtlichen Verpflichtungen nachzukommen, Streitigkeiten beizulegen, Missbrauch zu verhindern und unsere Vereinbarungen durchzusetzen.<\/p>\n<p>FRAGEN UND BEDENKEN<br \/>\nWenn Sie Fragen oder Anmerkungen haben, pers\u00f6nliche Daten aktualisieren, l\u00f6schen oder \u00e4ndern m\u00f6chten oder Bedenken hinsichtlich der Art und Weise haben, wie wir mit dem Datenschutz umgegangen sind, verwenden Sie bitte unser Kontaktformular oder senden Sie eine E-Mail an: commercial@jifeline.com<\/p>\n<p>Jifeline Networks BV<br \/>\nZweihaak 1<br \/>\nNL-4251 LT Werkendam (Nordbrabant)<br \/>\ncommercial@jifeline.com<br \/>\nwww.jifeline.com<\/p>\n<p>Aktualisiert November 2023<\/p>\n\t\t\t\t\t\t\t\t<\/div>\n\t\t\t\t<\/div>\n\t\t\t\t<div class=\"elementor-element elementor-element-e419f0d elementor-align-left elementor-widget elementor-widget-button\" data-id=\"e419f0d\" data-element_type=\"widget\" data-e-type=\"widget\" data-widget_type=\"button.default\">\n\t\t\t\t<div class=\"elementor-widget-container\">\n\t\t\t\t\t\t\t\t\t<div class=\"elementor-button-wrapper\">\n\t\t\t\t\t<a class=\"elementor-button elementor-button-link elementor-size-sm\" href=\"\/de\/\">\n\t\t\t\t\t\t<span class=\"elementor-button-content-wrapper\">\n\t\t\t\t\t\t<span class=\"elementor-button-icon\">\n\t\t\t\t<svg aria-hidden=\"true\" class=\"e-font-icon-svg e-far-arrow-alt-circle-left\" viewbox=\"0 0 512 512\" xmlns=\"http:\/\/www.w3.org\/2000\/svg\"><path d=\"M8 256c0 137 111 248 248 248s248-111 248-248S393 8 256 8 8 119 8 256zm448 0c0 110.5-89.5 200-200 200S56 366.5 56 256 145.5 56 256 56s200 89.5 200 200zm-72-20v40c0 6.6-5.4 12-12 12H256v67c0 10.7-12.9 16-20.5 8.5l-99-99c-4.7-4.7-4.7-12.3 0-17l99-99c7.6-7.6 20.5-2.2 20.5 8.5v67h116c6.6 0 12 5.4 12 12z\"><\/path><\/svg>\t\t\t<\/span>\n\t\t\t\t\t\t\t\t\t<span class=\"elementor-button-text\">Homepage<\/span>\n\t\t\t\t\t<\/span>\n\t\t\t\t\t<\/a>\n\t\t\t\t<\/div>\n\t\t\t\t\t\t\t\t<\/div>\n\t\t\t\t<\/div>\n\t\t\t\t<\/div>\n\t\t\t\t\t<\/div>\n\t\t\t\t<\/div>\n\t\t\t\t<\/div>","protected":false},"excerpt":{"rendered":"<p>Startseite Startseite Startseite<\/p>","protected":false},"author":1,"featured_media":0,"parent":0,"menu_order":0,"comment_status":"closed","ping_status":"closed","template":"elementor_canvas","meta":{"footnotes":""},"class_list":["post-347","page","type-page","status-publish","hentry"],"yoast_head":"<!-- This site is optimized with the Yoast SEO plugin v27.2 - https:\/\/yoast.com\/product\/yoast-seo-wordpress\/ -->\n<title>Privacy Policy - Jifeline<\/title>\n<meta name=\"robots\" content=\"index, follow, max-snippet:-1, max-image-preview:large, max-video-preview:-1\" \/>\n<link rel=\"canonical\" href=\"https:\/\/jifeline.com\/de\/datenschutz\/\" \/>\n<meta property=\"og:locale\" content=\"de_DE\" \/>\n<meta property=\"og:type\" content=\"article\" \/>\n<meta property=\"og:title\" content=\"Privacy Policy - Jifeline\" \/>\n<meta property=\"og:description\" content=\"Homepage Homepage\" \/>\n<meta property=\"og:url\" content=\"https:\/\/jifeline.com\/de\/datenschutz\/\" \/>\n<meta property=\"og:site_name\" content=\"Jifeline\" \/>\n<meta property=\"article:modified_time\" content=\"2025-02-03T12:39:43+00:00\" \/>\n<meta name=\"twitter:card\" content=\"summary_large_image\" \/>\n<meta name=\"twitter:label1\" content=\"Gesch\u00e4tzte Lesezeit\" \/>\n\t<meta name=\"twitter:data1\" content=\"1\u00a0Minute\" \/>\n<script type=\"application\/ld+json\" class=\"yoast-schema-graph\">{\"@context\":\"https:\/\/schema.org\",\"@graph\":[{\"@type\":\"WebPage\",\"@id\":\"https:\/\/jifeline.com\/privacy\/\",\"url\":\"https:\/\/jifeline.com\/privacy\/\",\"name\":\"Privacy Policy - Jifeline\",\"isPartOf\":{\"@id\":\"https:\/\/jifeline.com\/#website\"},\"datePublished\":\"2024-08-23T06:28:15+00:00\",\"dateModified\":\"2025-02-03T12:39:43+00:00\",\"breadcrumb\":{\"@id\":\"https:\/\/jifeline.com\/privacy\/#breadcrumb\"},\"inLanguage\":\"de\",\"potentialAction\":[{\"@type\":\"ReadAction\",\"target\":[\"https:\/\/jifeline.com\/privacy\/\"]}]},{\"@type\":\"BreadcrumbList\",\"@id\":\"https:\/\/jifeline.com\/privacy\/#breadcrumb\",\"itemListElement\":[{\"@type\":\"ListItem\",\"position\":1,\"name\":\"Home\",\"item\":\"https:\/\/jifeline.com\/\"},{\"@type\":\"ListItem\",\"position\":2,\"name\":\"Privacy Policy\"}]},{\"@type\":\"WebSite\",\"@id\":\"https:\/\/jifeline.com\/#website\",\"url\":\"https:\/\/jifeline.com\/\",\"name\":\"Jifeline\",\"description\":\"Programmeren, coderen en diagnose\",\"publisher\":{\"@id\":\"https:\/\/jifeline.com\/#organization\"},\"potentialAction\":[{\"@type\":\"SearchAction\",\"target\":{\"@type\":\"EntryPoint\",\"urlTemplate\":\"https:\/\/jifeline.com\/?s={search_term_string}\"},\"query-input\":{\"@type\":\"PropertyValueSpecification\",\"valueRequired\":true,\"valueName\":\"search_term_string\"}}],\"inLanguage\":\"de\"},{\"@type\":\"Organization\",\"@id\":\"https:\/\/jifeline.com\/#organization\",\"name\":\"Jifeline\",\"url\":\"https:\/\/jifeline.com\/\",\"logo\":{\"@type\":\"ImageObject\",\"inLanguage\":\"de\",\"@id\":\"https:\/\/jifeline.com\/#\/schema\/logo\/image\/\",\"url\":\"https:\/\/jifeline.com\/wp-content\/uploads\/2024\/06\/Jifeline-Touch.jpg\",\"contentUrl\":\"https:\/\/jifeline.com\/wp-content\/uploads\/2024\/06\/Jifeline-Touch.jpg\",\"width\":1463,\"height\":1356,\"caption\":\"Jifeline\"},\"image\":{\"@id\":\"https:\/\/jifeline.com\/#\/schema\/logo\/image\/\"}}]}<\/script>\n<!-- \/ Yoast SEO plugin. -->","yoast_head_json":{"title":"Datenschutzerkl\u00e4rung - Jifeline","robots":{"index":"index","follow":"follow","max-snippet":"max-snippet:-1","max-image-preview":"max-image-preview:large","max-video-preview":"max-video-preview:-1"},"canonical":"https:\/\/jifeline.com\/de\/datenschutz\/","og_locale":"de_DE","og_type":"article","og_title":"Privacy Policy - Jifeline","og_description":"Homepage Homepage","og_url":"https:\/\/jifeline.com\/de\/datenschutz\/","og_site_name":"Jifeline","article_modified_time":"2025-02-03T12:39:43+00:00","twitter_card":"summary_large_image","twitter_misc":{"Gesch\u00e4tzte Lesezeit":"1\u00a0Minute"},"schema":{"@context":"https:\/\/schema.org","@graph":[{"@type":"WebPage","@id":"https:\/\/jifeline.com\/privacy\/","url":"https:\/\/jifeline.com\/privacy\/","name":"Datenschutzerkl\u00e4rung - Jifeline","isPartOf":{"@id":"https:\/\/jifeline.com\/#website"},"datePublished":"2024-08-23T06:28:15+00:00","dateModified":"2025-02-03T12:39:43+00:00","breadcrumb":{"@id":"https:\/\/jifeline.com\/privacy\/#breadcrumb"},"inLanguage":"de","potentialAction":[{"@type":"ReadAction","target":["https:\/\/jifeline.com\/privacy\/"]}]},{"@type":"BreadcrumbList","@id":"https:\/\/jifeline.com\/privacy\/#breadcrumb","itemListElement":[{"@type":"ListItem","position":1,"name":"Home","item":"https:\/\/jifeline.com\/"},{"@type":"ListItem","position":2,"name":"Privacy Policy"}]},{"@type":"WebSite","@id":"https:\/\/jifeline.com\/#website","url":"https:\/\/jifeline.com\/","name":"Jifeline","description":"Programmierung, Kodierung und Diagnose","publisher":{"@id":"https:\/\/jifeline.com\/#organization"},"potentialAction":[{"@type":"SearchAction","target":{"@type":"EntryPoint","urlTemplate":"https:\/\/jifeline.com\/?s={search_term_string}"},"query-input":{"@type":"PropertyValueSpecification","valueRequired":true,"valueName":"search_term_string"}}],"inLanguage":"de"},{"@type":"Organization","@id":"https:\/\/jifeline.com\/#organization","name":"Jifeline","url":"https:\/\/jifeline.com\/","logo":{"@type":"ImageObject","inLanguage":"de","@id":"https:\/\/jifeline.com\/#\/schema\/logo\/image\/","url":"https:\/\/jifeline.com\/wp-content\/uploads\/2024\/06\/Jifeline-Touch.jpg","contentUrl":"https:\/\/jifeline.com\/wp-content\/uploads\/2024\/06\/Jifeline-Touch.jpg","width":1463,"height":1356,"caption":"Jifeline"},"image":{"@id":"https:\/\/jifeline.com\/#\/schema\/logo\/image\/"}}]}},"_links":{"self":[{"href":"https:\/\/jifeline.com\/de\/wp-json\/wp\/v2\/pages\/347","targetHints":{"allow":["GET"]}}],"collection":[{"href":"https:\/\/jifeline.com\/de\/wp-json\/wp\/v2\/pages"}],"about":[{"href":"https:\/\/jifeline.com\/de\/wp-json\/wp\/v2\/types\/page"}],"author":[{"embeddable":true,"href":"https:\/\/jifeline.com\/de\/wp-json\/wp\/v2\/users\/1"}],"replies":[{"embeddable":true,"href":"https:\/\/jifeline.com\/de\/wp-json\/wp\/v2\/comments?post=347"}],"version-history":[{"count":5,"href":"https:\/\/jifeline.com\/de\/wp-json\/wp\/v2\/pages\/347\/revisions"}],"predecessor-version":[{"id":425,"href":"https:\/\/jifeline.com\/de\/wp-json\/wp\/v2\/pages\/347\/revisions\/425"}],"wp:attachment":[{"href":"https:\/\/jifeline.com\/de\/wp-json\/wp\/v2\/media?parent=347"}],"curies":[{"name":"wp","href":"https:\/\/api.w.org\/{rel}","templated":true}]}}